{"id":86,"date":"2017-03-09T19:40:43","date_gmt":"2017-03-09T18:40:43","guid":{"rendered":"http:\/\/knoll-gmbh.de\/?page_id=86"},"modified":"2022-03-07T20:41:48","modified_gmt":"2022-03-07T19:41:48","slug":"kontakt","status":"publish","type":"page","link":"https:\/\/www.knoll-gmbh.de\/?page_id=86","title":{"rendered":"Kontakt"},"content":{"rendered":"<p>Sie interessieren sich f\u00fcr ein Mietobjekt, wollen sich f\u00fcr eine Immobilie vormerken lassen oder m\u00f6chten weitere Informationen \u00fcber unser Angebot? Wir freuen uns \u00fcber Ihre Anfrage.<\/p>\n<p>Knoll GmbH &amp; Co. KG<br \/>\nHauptstra\u00dfe 16 a<br \/>\n82140 Olching<\/p>\n<p>Tel: 08142-13417<br \/>\nE-Mail: <img loading=\"lazy\" class=\"alignnone size-full wp-image-321\" src=\"https:\/\/www.knoll-gmbh.de\/wp-content\/uploads\/2022\/03\/adresse2.gif\" alt=\"\" width=\"160\" height=\"20\" \/><\/p>\n","protected":false},"excerpt":{"rendered":"<p>Sie interessieren sich f\u00fcr ein Mietobjekt, wollen sich f\u00fcr eine Immobilie vormerken lassen oder m\u00f6chten weitere Informationen \u00fcber unser Angebot?[&#8230;]<\/p>\n","protected":false},"author":1,"featured_media":0,"parent":0,"menu_order":2,"comment_status":"closed","ping_status":"closed","template":"","meta":[],"_links":{"self":[{"href":"https:\/\/www.knoll-gmbh.de\/index.php?rest_route=\/wp\/v2\/pages\/86"}],"collection":[{"href":"https:\/\/www.knoll-gmbh.de\/index.php?rest_route=\/wp\/v2\/pages"}],"about":[{"href":"https:\/\/www.knoll-gmbh.de\/index.php?rest_route=\/wp\/v2\/types\/page"}],"author":[{"embeddable":true,"href":"https:\/\/www.knoll-gmbh.de\/index.php?rest_route=\/wp\/v2\/users\/1"}],"replies":[{"embeddable":true,"href":"https:\/\/www.knoll-gmbh.de\/index.php?rest_route=%2Fwp%2Fv2%2Fcomments&post=86"}],"version-history":[{"count":2,"href":"https:\/\/www.knoll-gmbh.de\/index.php?rest_route=\/wp\/v2\/pages\/86\/revisions"}],"predecessor-version":[{"id":326,"href":"https:\/\/www.knoll-gmbh.de\/index.php?rest_route=\/wp\/v2\/pages\/86\/revisions\/326"}],"wp:attachment":[{"href":"https:\/\/www.knoll-gmbh.de\/index.php?rest_route=%2Fwp%2Fv2%2Fmedia&parent=86"}],"curies":[{"name":"wp","href":"https:\/\/api.w.org\/{rel}","templated":true}]}}